{"id":7932,"date":"2021-06-04T15:08:48","date_gmt":"2021-06-04T12:08:48","guid":{"rendered":"https:\/\/www.promoforever.ro\/en\/?page_id=7932"},"modified":"2021-09-27T14:19:23","modified_gmt":"2021-09-27T11:19:23","slug":"paginaprincipala","status":"publish","type":"page","link":"https:\/\/www.promoforever.ro\/en\/","title":{"rendered":"Pagina Principala"},"content":{"rendered":"<section class=\"l-section wpb_row height_auto width_full\"><div class=\"l-section-h i-cf\"><div class=\"g-cols vc_row type_default valign_top\"><div class=\"vc_col-sm-12 wpb_column vc_column_container\"><div class=\"vc_column-inner\"><div class=\"wpb_wrapper\">\n\t\t\t<!-- START anasayfa REVOLUTION SLIDER 6.4.11 --><p class=\"rs-p-wp-fix\"><\/p>\n\t\t\t<rs-module-wrap id=\"rev_slider_2_1_wrapper\" data-source=\"gallery\" style=\"background:transparent;padding:0;margin:0px auto;margin-top:0;margin-bottom:0;\">\n\t\t\t\t<rs-module id=\"rev_slider_2_1\" style=\"\" data-version=\"6.4.11\">\n\t\t\t\t\t<rs-slides>\n\t\t\t\t\t\t<rs-slide data-key=\"rs-50\" data-title=\"Slide\" data-thumb=\"\/\/www.promoforever.ro\/wp-content\/uploads\/2021\/09\/BAHCE-SLIDER-ROMANYA.jpg\" data-in=\"o:0;\" data-out=\"a:false;\">\n\t\t\t\t\t\t\t<img loading=\"lazy\" decoding=\"async\" src=\"\/\/www.promoforever.ro\/wp-content\/uploads\/2021\/09\/BAHCE-SLIDER-ROMANYA.jpg\" alt=\"BAH\u00c7E-SL\u0130DER-ROMANYA\" title=\"BAH\u00c7E-SL\u0130DER-ROMANYA\" width=\"1920\" height=\"600\" class=\"rev-slidebg tp-rs-img\" data-no-retina>\n<!--\n\t\t\t\t\t\t\t--><a\n\t\t\t\t\t\t\t\tid=\"slider-2-slide-50-layer-1\" \n\t\t\t\t\t\t\t\tclass=\"rs-layer\"\n\t\t\t\t\t\t\t\thref=\"https:\/\/www.promoforever.ro\/mobilier-gradina-si-terase\" target=\"_blank\" rel=\"noopener\"\n\t\t\t\t\t\t\t\tdata-type=\"shape\"\n\t\t\t\t\t\t\t\tdata-rsp_ch=\"on\"\n\t\t\t\t\t\t\t\tdata-xy=\"x:l,l,c,c;xo:-10px,-10px,0,0;y:t,t,m,m;yo:-5px,-5px,0,0;\"\n\t\t\t\t\t\t\t\tdata-text=\"w:normal;s:20,20,8,8;l:0,0,10,10;\"\n\t\t\t\t\t\t\t\tdata-dim=\"w:1598px,1598px,780px,780px;h:911,911,100%,100%;\"\n\t\t\t\t\t\t\t\tdata-frame_999=\"o:0;st:6010;sp:360;sR:5710;\"\n\t\t\t\t\t\t\t\tstyle=\"z-index:5;background-color:rgba(0,0,0,0);\"\n\t\t\t\t\t\t\t> \n\t\t\t\t\t\t\t<\/a><!--\n\n\t\t\t\t\t\t\t--><a\n\t\t\t\t\t\t\t\tid=\"slider-2-slide-50-layer-2\" \n\t\t\t\t\t\t\t\tclass=\"rs-layer\"\n\t\t\t\t\t\t\t\thref=\"https:\/\/www.promoforever.ro\/mobilier-gradina-si-terase\/\" target=\"_blank\" rel=\"noopener\"\n\t\t\t\t\t\t\t\tdata-type=\"image\"\n\t\t\t\t\t\t\t\tdata-rsp_ch=\"on\"\n\t\t\t\t\t\t\t\tdata-xy=\"x:l,l,c,c;xo:50px,50px,0,-5px;y:t,t,m,m;yo:50px,50px,0,5px;\"\n\t\t\t\t\t\t\t\tdata-text=\"w:normal;s:20,20,8,8;l:0,0,10,10;\"\n\t\t\t\t\t\t\t\tdata-dim=\"w:300px,300px,781px,781px;h:94px,94px,781px,781px;\"\n\t\t\t\t\t\t\t\tdata-vbility=\"f,f,t,t\"\n\t\t\t\t\t\t\t\tdata-frame_1=\"sp:50;\"\n\t\t\t\t\t\t\t\tdata-frame_999=\"o:0;st:w;sR:8950;\"\n\t\t\t\t\t\t\t\tstyle=\"z-index:6;\"\n\t\t\t\t\t\t\t><img decoding=\"async\" src=\"\/\/www.promoforever.ro\/wp-content\/uploads\/2021\/07\/Garden-Furniture-Mobil-Slider-1.jpg\" class=\"tp-rs-img\" data-no-retina> \n\t\t\t\t\t\t\t<\/a><!--\n-->\t\t\t\t\t\t<\/rs-slide>\n\t\t\t\t\t\t<rs-slide data-key=\"rs-52\" data-title=\"Slide\" data-thumb=\"\/\/www.promoforever.ro\/wp-content\/uploads\/2021\/07\/Diapers-Slider.jpg\" data-in=\"o:0;\" data-out=\"a:false;\">\n\t\t\t\t\t\t\t<img loading=\"lazy\" decoding=\"async\" src=\"\/\/www.promoforever.ro\/wp-content\/uploads\/2021\/07\/Diapers-Slider.jpg\" alt=\"Diapers Slider\" title=\"Diapers Slider\" width=\"1920\" height=\"600\" class=\"rev-slidebg tp-rs-img\" data-no-retina>\n<!--\n\t\t\t\t\t\t\t--><a\n\t\t\t\t\t\t\t\tid=\"slider-2-slide-52-layer-1\" \n\t\t\t\t\t\t\t\tclass=\"rs-layer\"\n\t\t\t\t\t\t\t\thref=\"https:\/\/www.promoforever.ro\/scutece-copii-myfix\/\" target=\"_blank\" rel=\"noopener\"\n\t\t\t\t\t\t\t\tdata-type=\"shape\"\n\t\t\t\t\t\t\t\tdata-rsp_ch=\"on\"\n\t\t\t\t\t\t\t\tdata-xy=\"x:l,l,c,c;xo:-10px,-10px,0,0;y:t,t,m,m;yo:-5px,-5px,0,0;\"\n\t\t\t\t\t\t\t\tdata-text=\"w:normal;s:20,20,8,8;l:0,0,10,10;\"\n\t\t\t\t\t\t\t\tdata-dim=\"w:1598px,1598px,780px,780px;h:911,911,100%,100%;\"\n\t\t\t\t\t\t\t\tdata-frame_999=\"o:0;st:6010;sp:360;sR:5710;\"\n\t\t\t\t\t\t\t\tstyle=\"z-index:5;background-color:rgba(0,0,0,0);\"\n\t\t\t\t\t\t\t> \n\t\t\t\t\t\t\t<\/a><!--\n\n\t\t\t\t\t\t\t--><a\n\t\t\t\t\t\t\t\tid=\"slider-2-slide-52-layer-2\" \n\t\t\t\t\t\t\t\tclass=\"rs-layer\"\n\t\t\t\t\t\t\t\thref=\"https:\/\/www.promoforever.ro\/scutece-copii-myfix\/\" target=\"_blank\" rel=\"noopener\"\n\t\t\t\t\t\t\t\tdata-type=\"image\"\n\t\t\t\t\t\t\t\tdata-rsp_ch=\"on\"\n\t\t\t\t\t\t\t\tdata-xy=\"x:l,l,c,c;xo:50px,50px,0,-5px;y:t,t,m,m;yo:50px,50px,0,5px;\"\n\t\t\t\t\t\t\t\tdata-text=\"w:normal;s:20,20,8,8;l:0,0,10,10;\"\n\t\t\t\t\t\t\t\tdata-dim=\"w:300px,300px,781px,781px;h:300px,300px,781px,781px;\"\n\t\t\t\t\t\t\t\tdata-vbility=\"f,f,t,t\"\n\t\t\t\t\t\t\t\tdata-frame_1=\"sp:50;\"\n\t\t\t\t\t\t\t\tdata-frame_999=\"o:0;st:w;sR:8950;\"\n\t\t\t\t\t\t\t\tstyle=\"z-index:6;\"\n\t\t\t\t\t\t\t><img loading=\"lazy\" decoding=\"async\" src=\"\/\/www.promoforever.ro\/wp-content\/uploads\/2021\/07\/Diapers-Mobile-Slider.jpg\" alt=\"Diapers Mobile\" class=\"tp-rs-img\" width=\"768\" height=\"768\" data-no-retina> \n\t\t\t\t\t\t\t<\/a><!--\n-->\t\t\t\t\t\t<\/rs-slide>\n\t\t\t\t\t<\/rs-slides>\n\t\t\t\t\t<rs-static-layers><!--\n\t\t\t\t\t--><\/rs-static-layers>\n\t\t\t\t<\/rs-module>\n\t\t\t\t<script type=\"text\/javascript\">\n\t\t\t\t\tsetREVStartSize({c: 'rev_slider_2_1',rl:[1240,1024,778,480],el:[600,600,768,768],gw:[1920,1920,768,768],gh:[600,600,768,768],type:'standard',justify:'',layout:'fullwidth',mh:\"0\"});\n\t\t\t\t\tvar\trevapi2,\n\t\t\t\t\t\ttpj;\n\t\t\t\t\tfunction revinit_revslider21() {\n\t\t\t\t\tjQuery(function() {\n\t\t\t\t\t\ttpj = jQuery;\n\t\t\t\t\t\trevapi2 = tpj(\"#rev_slider_2_1\");\n\t\t\t\t\t\tif(revapi2==undefined || revapi2.revolution == undefined){\n\t\t\t\t\t\t\trevslider_showDoubleJqueryError(\"rev_slider_2_1\");\n\t\t\t\t\t\t}else{\n\t\t\t\t\t\t\trevapi2.revolution({\n\t\t\t\t\t\t\t\tDPR:\"dpr\",\n\t\t\t\t\t\t\t\tvisibilityLevels:\"1240,1024,778,480\",\n\t\t\t\t\t\t\t\tgridwidth:\"1920,1920,768,768\",\n\t\t\t\t\t\t\t\tgridheight:\"600,600,768,768\",\n\t\t\t\t\t\t\t\tperspective:600,\n\t\t\t\t\t\t\t\tperspectiveType:\"global\",\n\t\t\t\t\t\t\t\teditorheight:\"600,600,768,768\",\n\t\t\t\t\t\t\t\tresponsiveLevels:\"1240,1024,778,480\",\n\t\t\t\t\t\t\t\tprogressBar:{disableProgressBar:true},\n\t\t\t\t\t\t\t\tnavigation: {\n\t\t\t\t\t\t\t\t\twheelCallDelay:1000,\n\t\t\t\t\t\t\t\t\tonHoverStop:false,\n\t\t\t\t\t\t\t\t\tarrows: {\n\t\t\t\t\t\t\t\t\t\tenable:true,\n\t\t\t\t\t\t\t\t\t\tstyle:\"hesperiden\",\n\t\t\t\t\t\t\t\t\t\tleft: {\n\t\t\t\t\t\t\t\t\t\t\th_offset:30\n\t\t\t\t\t\t\t\t\t\t},\n\t\t\t\t\t\t\t\t\t\tright: {\n\t\t\t\t\t\t\t\t\t\t\th_offset:30\n\t\t\t\t\t\t\t\t\t\t}\n\t\t\t\t\t\t\t\t\t}\n\t\t\t\t\t\t\t\t},\n\t\t\t\t\t\t\t\tfallbacks: {\n\t\t\t\t\t\t\t\t\tallowHTML5AutoPlayOnAndroid:true\n\t\t\t\t\t\t\t\t},\n\t\t\t\t\t\t\t});\n\t\t\t\t\t\t}\n\t\t\t\t\t\t\n\t\t\t\t\t});\n\t\t\t\t\t} \/\/ End of RevInitScript\n\t\t\t\tvar once_revslider21 = false;\n\t\t\t\tif (document.readyState === \"loading\") {document.addEventListener('readystatechange',function() { if((document.readyState === \"interactive\" || document.readyState === \"complete\") && !once_revslider21 ) { once_revslider21 = true; revinit_revslider21();}});} else {once_revslider21 = true; revinit_revslider21();}\n\t\t\t\t<\/script>\n\t\t\t\t<script>\n\t\t\t\t\tvar htmlDivCss = unescape(\"%0Arevapi2.revnext%28%29%3B%0A\");\n\t\t\t\t\tvar htmlDiv = document.getElementById('rs-plugin-settings-inline-css');\n\t\t\t\t\tif(htmlDiv) {\n\t\t\t\t\t\thtmlDiv.innerHTML = htmlDiv.innerHTML + htmlDivCss;\n\t\t\t\t\t}else{\n\t\t\t\t\t\tvar htmlDiv = document.createElement('div');\n\t\t\t\t\t\thtmlDiv.innerHTML = '<style>' + htmlDivCss + '<\/style>';\n\t\t\t\t\t\tdocument.getElementsByTagName('head')[0].appendChild(htmlDiv.childNodes[0]);\n\t\t\t\t\t}\n\t\t\t\t<\/script>\n\t\t\t\t<script>\n\t\t\t\t\tvar htmlDivCss = unescape(\"%23rev_slider_2_1_wrapper%20.hesperiden.tparrows%20%7B%0A%09cursor%3Apointer%3B%0A%09background%3Argba%280%2C0%2C0%2C0.5%29%3B%0A%09width%3A40px%3B%0A%09height%3A40px%3B%0A%09position%3Aabsolute%3B%0A%09display%3Ablock%3B%0A%09z-index%3A1000%3B%0A%20%20%20%20border-radius%3A%2050%25%3B%0A%7D%0A%23rev_slider_2_1_wrapper%20.hesperiden.tparrows.rs-touchhover%20%7B%0A%09background%3A%23000000%3B%0A%7D%0A%23rev_slider_2_1_wrapper%20.hesperiden.tparrows%3Abefore%20%7B%0A%09font-family%3A%20%27revicons%27%3B%0A%09font-size%3A20px%3B%0A%09color%3A%23ffffff%3B%0A%09display%3Ablock%3B%0A%09line-height%3A%2040px%3B%0A%09text-align%3A%20center%3B%0A%7D%0A%23rev_slider_2_1_wrapper%20.hesperiden.tparrows.tp-leftarrow%3Abefore%20%7B%0A%09content%3A%20%27%5Ce82c%27%3B%0A%20%20%20%20margin-left%3A-3px%3B%0A%7D%0A%23rev_slider_2_1_wrapper%20.hesperiden.tparrows.tp-rightarrow%3Abefore%20%7B%0A%09content%3A%20%27%5Ce82d%27%3B%0A%20%20%20%20margin-right%3A-3px%3B%0A%7D%0A\");\n\t\t\t\t\tvar htmlDiv = document.getElementById('rs-plugin-settings-inline-css');\n\t\t\t\t\tif(htmlDiv) {\n\t\t\t\t\t\thtmlDiv.innerHTML = htmlDiv.innerHTML + htmlDivCss;\n\t\t\t\t\t}else{\n\t\t\t\t\t\tvar htmlDiv = document.createElement('div');\n\t\t\t\t\t\thtmlDiv.innerHTML = '<style>' + htmlDivCss + '<\/style>';\n\t\t\t\t\t\tdocument.getElementsByTagName('head')[0].appendChild(htmlDiv.childNodes[0]);\n\t\t\t\t\t}\n\t\t\t\t<\/script>\n\t\t\t\t<script>\n\t\t\t\t\tvar htmlDivCss = unescape(\"%0A%0A\");\n\t\t\t\t\tvar htmlDiv = document.getElementById('rs-plugin-settings-inline-css');\n\t\t\t\t\tif(htmlDiv) {\n\t\t\t\t\t\thtmlDiv.innerHTML = htmlDiv.innerHTML + htmlDivCss;\n\t\t\t\t\t}else{\n\t\t\t\t\t\tvar htmlDiv = document.createElement('div');\n\t\t\t\t\t\thtmlDiv.innerHTML = '<style>' + htmlDivCss + '<\/style>';\n\t\t\t\t\t\tdocument.getElementsByTagName('head')[0].appendChild(htmlDiv.childNodes[0]);\n\t\t\t\t\t}\n\t\t\t\t<\/script>\n\t\t\t<\/rs-module-wrap>\n\t\t\t<!-- END REVOLUTION SLIDER -->\n<\/div><\/div><\/div><\/div><\/div><\/section><section class=\"l-section wpb_row us_custom_44d86cf9 height_custom width_full\"><div class=\"l-section-h i-cf\"><div class=\"g-cols vc_row type_default valign_top\"><div class=\"vc_col-sm-12 wpb_column vc_column_container\"><div class=\"vc_column-inner\"><div class=\"wpb_wrapper\"><div class=\"wpb_text_column\" ><div class=\"wpb_wrapper\"><h1 style=\"text-align: center;\">Ofert\u0103 Pampers<\/h1>\n<\/div><\/div><div class=\"w-separator size_small with_line width_default thick_1 style_solid color_border align_center\"><div class=\"w-separator-h\"><\/div><\/div><\/div><\/div><\/div><div class=\"vc_col-sm-3 wpb_column vc_column_container\"><div class=\"vc_column-inner\"><div class=\"wpb_wrapper\"><div class=\"w-image us_custom_a833bf3c style_shadow-1 align_center\"><a href=\"https:\/\/www.promoforever.ro\/en\/servetele-umede\/\" aria-label=\"Leg\u0103tur\u0103\" class=\"w-image-h\"><img loading=\"lazy\" decoding=\"async\" width=\"1771\" height=\"2560\" src=\"https:\/\/www.promoforever.ro\/en\/wp-content\/uploads\/2021\/07\/Wet-Wipes-Vitrin-1.jpg\" class=\"attachment-full size-full\" alt=\"Wet Wipes Vitrin\" srcset=\"https:\/\/www.promoforever.ro\/en\/wp-content\/uploads\/2021\/07\/Wet-Wipes-Vitrin-1.jpg 1771w, https:\/\/www.promoforever.ro\/en\/wp-content\/uploads\/2021\/07\/Wet-Wipes-Vitrin-1-208x300.jpg 208w, https:\/\/www.promoforever.ro\/en\/wp-content\/uploads\/2021\/07\/Wet-Wipes-Vitrin-1-708x1024.jpg 708w, https:\/\/www.promoforever.ro\/en\/wp-content\/uploads\/2021\/07\/Wet-Wipes-Vitrin-1-277x400.jpg 277w\" sizes=\"auto, (max-width: 1771px) 100vw, 1771px\" \/><\/a><\/div><\/div><\/div><\/div><div class=\"vc_col-sm-3 wpb_column vc_column_container\"><div class=\"vc_column-inner\"><div class=\"wpb_wrapper\"><div class=\"w-image us_custom_a833bf3c style_shadow-1 align_center\"><a href=\"https:\/\/www.promoforever.ro\/en\/absorbante-intime\/\" aria-label=\"Leg\u0103tur\u0103\" class=\"w-image-h\"><img loading=\"lazy\" decoding=\"async\" width=\"1771\" height=\"2560\" src=\"https:\/\/www.promoforever.ro\/en\/wp-content\/uploads\/2021\/07\/Sanitary-Napkins-Vitrin-1.jpg\" class=\"attachment-full size-full\" alt=\"Sanitary Napkins\" srcset=\"https:\/\/www.promoforever.ro\/en\/wp-content\/uploads\/2021\/07\/Sanitary-Napkins-Vitrin-1.jpg 1771w, https:\/\/www.promoforever.ro\/en\/wp-content\/uploads\/2021\/07\/Sanitary-Napkins-Vitrin-1-208x300.jpg 208w, https:\/\/www.promoforever.ro\/en\/wp-content\/uploads\/2021\/07\/Sanitary-Napkins-Vitrin-1-708x1024.jpg 708w, https:\/\/www.promoforever.ro\/en\/wp-content\/uploads\/2021\/07\/Sanitary-Napkins-Vitrin-1-277x400.jpg 277w\" sizes=\"auto, (max-width: 1771px) 100vw, 1771px\" \/><\/a><\/div><\/div><\/div><\/div><div class=\"vc_col-sm-3 wpb_column vc_column_container\"><div class=\"vc_column-inner\"><div class=\"wpb_wrapper\"><div class=\"w-image us_custom_a833bf3c style_shadow-1 align_center\"><a href=\"https:\/\/www.promoforever.ro\/en\/scutece-copii-myfix\/\" aria-label=\"Leg\u0103tur\u0103\" class=\"w-image-h\"><img loading=\"lazy\" decoding=\"async\" width=\"1771\" height=\"2560\" src=\"https:\/\/www.promoforever.ro\/en\/wp-content\/uploads\/2021\/07\/Newborn-Diapers-Vitrin.jpg\" class=\"attachment-full size-full\" alt=\"Newborn Diapers\" srcset=\"https:\/\/www.promoforever.ro\/en\/wp-content\/uploads\/2021\/07\/Newborn-Diapers-Vitrin.jpg 1771w, https:\/\/www.promoforever.ro\/en\/wp-content\/uploads\/2021\/07\/Newborn-Diapers-Vitrin-208x300.jpg 208w, https:\/\/www.promoforever.ro\/en\/wp-content\/uploads\/2021\/07\/Newborn-Diapers-Vitrin-708x1024.jpg 708w, https:\/\/www.promoforever.ro\/en\/wp-content\/uploads\/2021\/07\/Newborn-Diapers-Vitrin-277x400.jpg 277w\" sizes=\"auto, (max-width: 1771px) 100vw, 1771px\" \/><\/a><\/div><\/div><\/div><\/div><div class=\"vc_col-sm-3 wpb_column vc_column_container\"><div class=\"vc_column-inner\"><div class=\"wpb_wrapper\"><div class=\"w-image us_custom_a833bf3c style_shadow-1 align_center\"><a href=\"https:\/\/www.promoforever.ro\/en\/cearceaf-absorbant-copii\/\" aria-label=\"Leg\u0103tur\u0103\" class=\"w-image-h\"><img loading=\"lazy\" decoding=\"async\" width=\"1771\" height=\"2560\" src=\"https:\/\/www.promoforever.ro\/en\/wp-content\/uploads\/2021\/07\/Baby-Underpad-Vitrin.jpg\" class=\"attachment-full size-full\" alt=\"Baby Under pad\" srcset=\"https:\/\/www.promoforever.ro\/en\/wp-content\/uploads\/2021\/07\/Baby-Underpad-Vitrin.jpg 1771w, https:\/\/www.promoforever.ro\/en\/wp-content\/uploads\/2021\/07\/Baby-Underpad-Vitrin-208x300.jpg 208w, https:\/\/www.promoforever.ro\/en\/wp-content\/uploads\/2021\/07\/Baby-Underpad-Vitrin-708x1024.jpg 708w, https:\/\/www.promoforever.ro\/en\/wp-content\/uploads\/2021\/07\/Baby-Underpad-Vitrin-277x400.jpg 277w\" sizes=\"auto, (max-width: 1771px) 100vw, 1771px\" \/><\/a><\/div><\/div><\/div><\/div><\/div><\/div><\/section><section class=\"l-section wpb_row height_custom\"><div class=\"l-section-h i-cf\"><div class=\"g-cols vc_row type_default valign_top\"><div class=\"vc_col-sm-12 wpb_column vc_column_container\"><div class=\"vc_column-inner\"><div class=\"wpb_wrapper\"><div class=\"wpb_text_column\" ><div class=\"wpb_wrapper\"><h2 style=\"text-align: center;\">V\u00e2nz\u0103tor mobil\u0103 de gr\u0103din\u0103<\/h2>\n<\/div><\/div><div class=\"w-separator size_small with_line width_default thick_1 style_solid color_border align_center\"><div class=\"w-separator-h\"><\/div><\/div><\/div><\/div><\/div><\/div><\/div><\/section><section class=\"l-section wpb_row height_small with_overlay\"><div class=\"l-section-overlay\" style=\"background: #f5f5f5\"><\/div><div class=\"l-section-h i-cf\"><div class=\"g-cols vc_row type_default valign_top\"><div class=\"vc_col-sm-12 wpb_column vc_column_container\"><div class=\"vc_column-inner\"><div class=\"wpb_wrapper\"><div class=\"w-separator size_small with_line width_default thick_1 style_solid color_border align_left with_text with_content\"><div class=\"w-separator-h\"><h3 class=\"w-separator-text\"><i class=\"fas fa-edit\"><\/i><span>Blog<\/span><\/h3><\/div><\/div><div class=\"w-separator size_small\"><\/div><div class=\"w-grid type_carousel layout_14993 cols_4 overflow_hidden\" id=\"us_grid_1\"><style id=\"us_grid_1_css\">#us_grid_1 .owl-nav div{font-size:1.8rem}#us_grid_1 .w-grid-item{padding:0.5rem}#us_grid_1 .w-grid-list{margin:-0.5rem}.w-grid + #us_grid_1 .w-grid-list{margin-top:0.5rem}<\/style><style>.layout_14993 .w-grid-item-h{background:var(--color-content-bg);color:var(--color-content-heading);border-radius:0.3rem;z-index:3;box-shadow:0 0.03rem 0.06rem rgba(0,0,0,0.1),0 0.10rem 0.30rem rgba(0,0,0,0.1);transition-duration:0.3s}.no-touch .layout_14993 .w-grid-item-h:hover{box-shadow:0 0.12rem 0.24rem rgba(0,0,0,0.1),0 0.40rem 1.20rem rgba(0,0,0,0.15);z-index:4}.layout_14993 .usg_post_image_1{border:1px solid #f5f5f5!important}.layout_14993 .usg_vwrapper_1{padding:0.8rem 1.5rem 1.5rem 1.5rem!important}.layout_14993 .usg_post_title_1{color:inherit!important;font-weight:400!important;font-size:18px!important}@media (max-width:599px){.layout_14993 .usg_post_title_1{font-size:1.2rem!important}}<\/style><div class=\"w-grid-list owl-carousel navstyle_circle navpos_outside\" ><\/div><div class=\"g-preloader type_2\">\r\n\t<div><\/div>\r\n<\/div>\r\n\t<div class=\"w-grid-json hidden\" onclick='return {&quot;action&quot;:&quot;us_ajax_grid&quot;,&quot;ajax_url&quot;:&quot;https:\\\/\\\/www.promoforever.ro\\\/en\\\/wp-admin\\\/admin-ajax.php&quot;,&quot;infinite_scroll&quot;:0,&quot;max_num_pages&quot;:0,&quot;pagination&quot;:&quot;none&quot;,&quot;permalink_url&quot;:&quot;https:\\\/\\\/www.promoforever.ro\\\/en\\\/wp-json\\\/wp\\\/v2\\\/pages\\\/7932&quot;,&quot;template_vars&quot;:{&quot;columns&quot;:&quot;4&quot;,&quot;exclude_items&quot;:&quot;none&quot;,&quot;img_size&quot;:&quot;default&quot;,&quot;ignore_items_size&quot;:false,&quot;items_layout&quot;:&quot;14993&quot;,&quot;items_offset&quot;:&quot;1&quot;,&quot;load_animation&quot;:&quot;none&quot;,&quot;overriding_link&quot;:&quot;none&quot;,&quot;post_id&quot;:7932,&quot;query_args&quot;:{&quot;post_type&quot;:[&quot;us_portfolio&quot;],&quot;tax_query&quot;:[{&quot;taxonomy&quot;:&quot;us_portfolio_category&quot;,&quot;field&quot;:&quot;slug&quot;,&quot;terms&quot;:[&quot;blog&quot;]}],&quot;post_status&quot;:[&quot;publish&quot;,&quot;acf-disabled&quot;],&quot;posts_per_page&quot;:&quot;8&quot;},&quot;orderby_query_args&quot;:{&quot;orderby&quot;:{&quot;date&quot;:&quot;DESC&quot;}},&quot;type&quot;:&quot;carousel&quot;,&quot;us_grid_ajax_index&quot;:1,&quot;us_grid_filter_params&quot;:null,&quot;us_grid_index&quot;:1,&quot;_us_grid_post_type&quot;:&quot;us_portfolio&quot;},&quot;carousel_settings&quot;:{&quot;autoHeight&quot;:0,&quot;autoplay&quot;:0,&quot;carousel_fade&quot;:0,&quot;center&quot;:0,&quot;dots&quot;:0,&quot;items&quot;:&quot;4&quot;,&quot;loop&quot;:false,&quot;nav&quot;:1,&quot;slideby&quot;:&quot;1&quot;,&quot;smooth_play&quot;:0,&quot;speed&quot;:250,&quot;timeout&quot;:3000,&quot;transition&quot;:&quot;&quot;},&quot;carousel_breakpoints&quot;:{&quot;1200&quot;:{&quot;items&quot;:4},&quot;900&quot;:{&quot;autoHeight&quot;:0,&quot;autoplay&quot;:1,&quot;autoplayHoverPause&quot;:1,&quot;items&quot;:3,&quot;loop&quot;:false},&quot;600&quot;:{&quot;autoHeight&quot;:0,&quot;autoplay&quot;:1,&quot;autoplayHoverPause&quot;:1,&quot;items&quot;:2,&quot;loop&quot;:false},&quot;0&quot;:{&quot;autoHeight&quot;:0,&quot;autoplay&quot;:1,&quot;autoplayHoverPause&quot;:1,&quot;items&quot;:1,&quot;loop&quot;:true}}}'><\/div>\r\n\t<h4 class=\"w-grid-none\">Nu am g\u0103sit niciun rezultat.<\/h4><\/div><\/div><\/div><\/div><\/div><\/div><\/section>\n","protected":false},"excerpt":{"rendered":"Ofert\u0103 Pampers V\u00e2nz\u0103tor mobil\u0103 de gr\u0103din\u0103 Blog Nu am g\u0103sit niciun rezultat.","protected":false},"author":1,"featured_media":0,"parent":0,"menu_order":0,"comment_status":"closed","ping_status":"closed","template":"","meta":{"_monsterinsights_skip_tracking":false,"_monsterinsights_sitenote_active":false,"_monsterinsights_sitenote_note":"","_monsterinsights_sitenote_category":0,"footnotes":""},"class_list":["post-7932","page","type-page","status-publish","hentry"],"_links":{"self":[{"href":"https:\/\/www.promoforever.ro\/en\/wp-json\/wp\/v2\/pages\/7932","targetHints":{"allow":["GET"]}}],"collection":[{"href":"https:\/\/www.promoforever.ro\/en\/wp-json\/wp\/v2\/pages"}],"about":[{"href":"https:\/\/www.promoforever.ro\/en\/wp-json\/wp\/v2\/types\/page"}],"author":[{"embeddable":true,"href":"https:\/\/www.promoforever.ro\/en\/wp-json\/wp\/v2\/users\/1"}],"replies":[{"embeddable":true,"href":"https:\/\/www.promoforever.ro\/en\/wp-json\/wp\/v2\/comments?post=7932"}],"version-history":[{"count":55,"href":"https:\/\/www.promoforever.ro\/en\/wp-json\/wp\/v2\/pages\/7932\/revisions"}],"predecessor-version":[{"id":15007,"href":"https:\/\/www.promoforever.ro\/en\/wp-json\/wp\/v2\/pages\/7932\/revisions\/15007"}],"wp:attachment":[{"href":"https:\/\/www.promoforever.ro\/en\/wp-json\/wp\/v2\/media?parent=7932"}],"curies":[{"name":"wp","href":"https:\/\/api.w.org\/{rel}","templated":true}]}}