{"id":7865,"date":"2021-06-09T13:54:50","date_gmt":"2021-06-09T10:54:50","guid":{"rendered":"https:\/\/www.promoforever.ro\/en\/?page_id=7865"},"modified":"2021-09-27T14:22:37","modified_gmt":"2021-09-27T11:22:37","slug":"desprenoi","status":"publish","type":"page","link":"https:\/\/www.promoforever.ro\/en\/desprenoi","title":{"rendered":"Despre Noi"},"content":{"rendered":"<section class=\"l-section wpb_row height_custom\"><div class=\"l-section-h i-cf\"><div class=\"g-cols vc_row type_default valign_top\"><div class=\"vc_col-sm-12 wpb_column vc_column_container\"><div class=\"vc_column-inner\"><div class=\"wpb_wrapper\"><div class=\"wpb_text_column us_custom_39b89401 has_text_color\" ><div class=\"wpb_wrapper\"><h2 style=\"text-align: center;\">Istoria noastr\u0103<\/h2>\n<\/div><\/div><div class=\"w-separator size_small\"><\/div><div class=\"w-tabs layout_hor style_timeline2 switch_click icon_chevron iconpos_right title_atleft\"><div class=\"w-tabs-list hidden items_2\"><div class=\"w-tabs-list-h\"><a class=\"w-tabs-item active\" aria-controls=\"content-1613991246490-a95553dd-21e1\" href=\"javascript:void(0);\"><span class=\"w-tabs-item-title\">1996<\/span><\/a><a class=\"w-tabs-item\" aria-controls=\"content-1613991246501-9ecc5f73-7fdf\" href=\"javascript:void(0);\"><span class=\"w-tabs-item-title\">2021<\/span><\/a><\/div><\/div><div class=\"w-tabs-sections\"><div class=\"w-tabs-sections-h\"><div class=\"w-tabs-section active\" id=\"1613991246490-a95553dd-21e1\"><button aria-controls=\"content-1613991246490-a95553dd-21e1\" class=\"w-tabs-section-header active\"><div class=\"w-tabs-section-header-h\"><p class=\"w-tabs-section-title\">1996<\/p><div class=\"w-tabs-section-control\"><\/div><\/div><\/button><div class=\"w-tabs-section-content\" id=\"content-1613991246490-a95553dd-21e1\" aria-expanded=\"true\"><div class=\"w-tabs-section-content-h i-cf\"><div class=\"g-cols wpb_row  type_default valign_top vc_inner\"><div class=\"vc_col-sm-4 wpb_column vc_column_container\"><div class=\"vc_column-inner\"><div class=\"wpb_wrapper\"><div class=\"w-image align_center\"><div class=\"w-image-h\"><img loading=\"lazy\" decoding=\"async\" width=\"300\" height=\"300\" src=\"https:\/\/www.promoforever.ro\/en\/wp-content\/uploads\/2021\/03\/misyon-ve-vizyon-siyahh-300x300.png\" class=\"attachment-medium size-medium\" alt=\"\" srcset=\"https:\/\/www.promoforever.ro\/en\/wp-content\/uploads\/2021\/03\/misyon-ve-vizyon-siyahh-300x300.png 300w, https:\/\/www.promoforever.ro\/en\/wp-content\/uploads\/2021\/03\/misyon-ve-vizyon-siyahh-150x150.png 150w, https:\/\/www.promoforever.ro\/en\/wp-content\/uploads\/2021\/03\/misyon-ve-vizyon-siyahh-400x400.png 400w, https:\/\/www.promoforever.ro\/en\/wp-content\/uploads\/2021\/03\/misyon-ve-vizyon-siyahh-480x480.png 480w, https:\/\/www.promoforever.ro\/en\/wp-content\/uploads\/2021\/03\/misyon-ve-vizyon-siyahh.png 512w\" sizes=\"auto, (max-width: 300px) 100vw, 300px\" \/><\/div><\/div><\/div><\/div><\/div><div class=\"vc_col-sm-8 wpb_column vc_column_container\"><div class=\"vc_column-inner\"><div class=\"wpb_wrapper\"><div class=\"wpb_text_column\" ><div class=\"wpb_wrapper\"><p>Misiune si viziune<br \/>\nLa sf\u00e2r\u0219itul anilor 1990, ne-am propus s\u0103 oferim clien\u021bilor no\u0219tri produse de calitate la pre\u021buri accesibile.<\/p>\n<p>Ast\u0103zi, cu facilit\u0103\u021bile noastre de produc\u021bie de ultim\u0103 genera\u021bie \u0219i personalul cu experien\u021b\u0103; Lucr\u0103m \u00een fiecare zi pentru a oferi cele mai bune prietenilor no\u0219tri \u00een condi\u021bii mai favorabile.<\/p>\n<p>\u00cen timpul acestei c\u0103l\u0103torii, am f\u0103cut tot ce este necesar pentru a nu ne dezam\u0103gi prietenii \u00een ceea ce prive\u0219te CALITATEA, \u00ceNCREDEREA, LIVRAREA LA TIMP. \u0218i au cerut \u00eentotdeauna mai mult de la noi, permi\u021b\u00e2ndu-ne s\u0103 fim mai buni \u00een toate.<\/p>\n<p>Ne pute\u021bi cere mai bine obiectivele pe care trebuie s\u0103 le atingem \u00een viitor \u0219i ne pute\u021bi sprijini \u00een c\u0103l\u0103toria noastr\u0103.<\/p>\n<\/div><\/div><\/div><\/div><\/div><\/div><\/div><\/div><\/div><div class=\"w-tabs-section\" id=\"1613991246501-9ecc5f73-7fdf\"><button aria-controls=\"content-1613991246501-9ecc5f73-7fdf\" class=\"w-tabs-section-header\"><div class=\"w-tabs-section-header-h\"><p class=\"w-tabs-section-title\">2021<\/p><div class=\"w-tabs-section-control\"><\/div><\/div><\/button><div class=\"w-tabs-section-content\" id=\"content-1613991246501-9ecc5f73-7fdf\" aria-expanded=\"false\"><div class=\"w-tabs-section-content-h i-cf\"><div class=\"g-cols wpb_row  type_default valign_top vc_inner\"><div class=\"vc_col-sm-4 wpb_column vc_column_container\"><div class=\"vc_column-inner\"><div class=\"wpb_wrapper\"><div class=\"w-image align_center\"><div class=\"w-image-h\"><img loading=\"lazy\" decoding=\"async\" width=\"300\" height=\"300\" src=\"https:\/\/www.promoforever.ro\/en\/wp-content\/uploads\/2021\/03\/misyon-ve-vizyonu-siyah-300x300.png\" class=\"attachment-medium size-medium\" alt=\"\" srcset=\"https:\/\/www.promoforever.ro\/en\/wp-content\/uploads\/2021\/03\/misyon-ve-vizyonu-siyah-300x300.png 300w, https:\/\/www.promoforever.ro\/en\/wp-content\/uploads\/2021\/03\/misyon-ve-vizyonu-siyah-150x150.png 150w, https:\/\/www.promoforever.ro\/en\/wp-content\/uploads\/2021\/03\/misyon-ve-vizyonu-siyah-400x400.png 400w, https:\/\/www.promoforever.ro\/en\/wp-content\/uploads\/2021\/03\/misyon-ve-vizyonu-siyah-480x480.png 480w, https:\/\/www.promoforever.ro\/en\/wp-content\/uploads\/2021\/03\/misyon-ve-vizyonu-siyah.png 512w\" sizes=\"auto, (max-width: 300px) 100vw, 300px\" \/><\/div><\/div><\/div><\/div><\/div><div class=\"vc_col-sm-8 wpb_column vc_column_container\"><div class=\"vc_column-inner\"><div class=\"wpb_wrapper\"><div class=\"w-separator size_medium\"><\/div><div class=\"wpb_text_column\" ><div class=\"wpb_wrapper\"><p><strong>T\u00fcm D\u00fcnyaya \u0130hracat Yap\u0131yoruz<\/strong><br \/>\n21 y\u0131l\u0131 a\u015fk\u0131n tecr\u00fcbenin verdi\u011fi g\u00fcvenle, kalite \u00e7\u0131tam\u0131z\u0131 s\u00fcrekli olarak y\u00fckseltiyoruz ve \u00fcr\u00fcnlerimizi t\u00fcm d\u00fcnya \u00fclkelerine sunuyoruz.<\/p>\n<\/div><\/div><\/div><\/div><\/div><\/div><\/div><\/div><\/div><\/div><\/div><\/div><\/div><\/div><\/div><\/div><\/div><\/section><section class=\"l-section wpb_row us_custom_e4eb24e1 height_custom\"><div class=\"l-section-h i-cf\"><div class=\"g-cols vc_row type_default valign_top\"><div class=\"vc_col-sm-12 wpb_column vc_column_container\"><div class=\"vc_column-inner\"><div class=\"wpb_wrapper\"><div class=\"wpb_text_column us_custom_ebaefe07 has_text_color\" ><div class=\"wpb_wrapper\"><h3 style=\"text-align: center;\">Calitatea nu este niciodat\u0103 o coinciden\u021b\u0103!<\/h3>\n<\/div><\/div><div class=\"w-separator size_custom with_line width_50 thick_1 style_solid color_secondary align_center with_content\" style=\"height:20px\"><div class=\"w-separator-h\"><i class=\"far fa-heart\"><\/i><\/div><\/div><div class=\"w-separator size_medium\"><\/div><div class=\"g-cols wpb_row  type_default valign_top vc_inner\"><div class=\"vc_col-sm-3 wpb_column vc_column_container\"><div class=\"vc_column-inner\"><div class=\"wpb_wrapper\"><div class=\"w-counter us_custom_91795b99 color_primary align_center has_text_color\" data-duration=\"2000\"><div class=\"w-counter-value\"><span class=\"w-counter-value-part type_text\" data-final=\"%\"><\/span><span class=\"w-counter-value-part type_number\" data-final=\"100\">0<\/span><span class=\"w-counter-value-part type_text\" data-final=\"\"><\/span><\/div><h6 class=\"w-counter-title\">Fericirea clientului<\/h6><\/div><\/div><\/div><\/div><div class=\"vc_col-sm-3 wpb_column vc_column_container\"><div class=\"vc_column-inner\"><div class=\"wpb_wrapper\"><div class=\"w-counter us_custom_91795b99 color_primary align_center has_text_color\" data-duration=\"2000\"><div class=\"w-counter-value\"><span class=\"w-counter-value-part type_text\" data-final=\"\"><\/span><span class=\"w-counter-value-part type_number\" data-final=\"20\">0<\/span><span class=\"w-counter-value-part type_text\" data-final=\"\"><\/span><\/div><h6 class=\"w-counter-title\">Peste ani de experien\u021b\u0103<\/h6><\/div><\/div><\/div><\/div><div class=\"vc_col-sm-3 wpb_column vc_column_container\"><div class=\"vc_column-inner\"><div class=\"wpb_wrapper\"><div class=\"w-counter us_custom_91795b99 color_primary align_center has_text_color\" data-duration=\"2000\"><div class=\"w-counter-value\"><span class=\"w-counter-value-part type_text\" data-final=\"\"><\/span><span class=\"w-counter-value-part type_number\" data-final=\"2500\">0<\/span><span class=\"w-counter-value-part type_text\" data-final=\"m2\"><\/span><\/div><h6 class=\"w-counter-title\">Unitate de produc\u021bie<\/h6><\/div><\/div><\/div><\/div><div class=\"vc_col-sm-3 wpb_column vc_column_container\"><div class=\"vc_column-inner\"><div class=\"wpb_wrapper\"><div class=\"w-counter us_custom_91795b99 color_primary align_center has_text_color\" data-duration=\"2000\"><div class=\"w-counter-value\"><span class=\"w-counter-value-part type_text\" data-final=\"\"><\/span><span class=\"w-counter-value-part type_number\" data-final=\"1000\">0<\/span><span class=\"w-counter-value-part type_text\" data-final=\"\"><\/span><\/div><h6 class=\"w-counter-title\">de op\u021biuni de produs<\/h6><\/div><\/div><\/div><\/div><\/div><\/div><\/div><\/div><\/div><\/div><\/section><section class=\"l-section wpb_row us_custom_ae99f6aa height_custom has_text_color\"><div class=\"l-section-h i-cf\"><div class=\"g-cols vc_row type_default valign_top\"><div class=\"vc_col-sm-12 wpb_column vc_column_container\"><div class=\"vc_column-inner\"><div class=\"wpb_wrapper\"><div class=\"wpb_text_column us_custom_39b89401 has_text_color\" ><div class=\"wpb_wrapper\"><h2 style=\"text-align: center;\">Promoforever familiei<\/h2>\n<\/div><\/div><div class=\"w-separator size_small with_line width_default thick_1 style_solid color_border align_center with_content\"><div class=\"w-separator-h\"><i class=\"fas fa-star\"><\/i><\/div><\/div><div class=\"w-separator size_medium\"><\/div><div class=\"g-cols wpb_row  type_default valign_top gap-30 vc_inner\"><style>.g-cols.gap-30{margin:0 calc(-1.5rem - 30)}.gap-30 > .vc_column_container {padding:30}<\/style><div class=\"vc_col-sm-4 wpb_column vc_column_container\"><div class=\"vc_column-inner\"><div class=\"wpb_wrapper\"><div class=\"w-person us_custom_ae99f6aa layout_simple_circle has_text_color\" itemscope itemtype=\"https:\/\/schema.org\/Person\"><div class=\"w-person-image\"><img loading=\"lazy\" decoding=\"async\" width=\"314\" height=\"315\" src=\"https:\/\/www.promoforever.ro\/en\/wp-content\/uploads\/2021\/02\/ayhan-bey.png\" class=\"attachment-us_400_400 size-us_400_400\" alt=\"\" srcset=\"https:\/\/www.promoforever.ro\/en\/wp-content\/uploads\/2021\/02\/ayhan-bey.png 314w, https:\/\/www.promoforever.ro\/en\/wp-content\/uploads\/2021\/02\/ayhan-bey-300x300.png 300w, https:\/\/www.promoforever.ro\/en\/wp-content\/uploads\/2021\/02\/ayhan-bey-150x150.png 150w\" sizes=\"auto, (max-width: 314px) 100vw, 314px\" \/><\/div><div class=\"w-person-content\"><h4 class=\"w-person-name\" itemprop=\"name\"><span>Ayhan AYDIN<\/span><\/h4><div class=\"w-person-role\" itemprop=\"jobTitle\">Manager General<\/div><\/div><\/div><\/div><\/div><\/div><div class=\"vc_col-sm-4 wpb_column vc_column_container\"><div class=\"vc_column-inner\"><div class=\"wpb_wrapper\"><div class=\"w-person layout_simple_circle\" itemscope itemtype=\"https:\/\/schema.org\/Person\"><div class=\"w-person-image\"><img loading=\"lazy\" decoding=\"async\" width=\"314\" height=\"314\" src=\"https:\/\/www.promoforever.ro\/en\/wp-content\/uploads\/2021\/02\/mustafa-bey.png\" class=\"attachment-us_400_400 size-us_400_400\" alt=\"\" srcset=\"https:\/\/www.promoforever.ro\/en\/wp-content\/uploads\/2021\/02\/mustafa-bey.png 314w, https:\/\/www.promoforever.ro\/en\/wp-content\/uploads\/2021\/02\/mustafa-bey-300x300.png 300w, https:\/\/www.promoforever.ro\/en\/wp-content\/uploads\/2021\/02\/mustafa-bey-150x150.png 150w\" sizes=\"auto, (max-width: 314px) 100vw, 314px\" \/><\/div><div class=\"w-person-content\"><h4 class=\"w-person-name\" itemprop=\"name\"><span>Mustafa AYDIN<\/span><\/h4><div class=\"w-person-role\" itemprop=\"jobTitle\">CEO<\/div><\/div><\/div><\/div><\/div><\/div><div class=\"vc_col-sm-4 wpb_column vc_column_container\"><div class=\"vc_column-inner\"><div class=\"wpb_wrapper\"><div class=\"w-person layout_simple_circle\" itemscope itemtype=\"https:\/\/schema.org\/Person\"><div class=\"w-person-image\"><img loading=\"lazy\" decoding=\"async\" width=\"315\" height=\"315\" src=\"https:\/\/www.promoforever.ro\/en\/wp-content\/uploads\/2021\/02\/eren.png\" class=\"attachment-us_400_400 size-us_400_400\" alt=\"\" srcset=\"https:\/\/www.promoforever.ro\/en\/wp-content\/uploads\/2021\/02\/eren.png 315w, https:\/\/www.promoforever.ro\/en\/wp-content\/uploads\/2021\/02\/eren-300x300.png 300w, https:\/\/www.promoforever.ro\/en\/wp-content\/uploads\/2021\/02\/eren-150x150.png 150w\" sizes=\"auto, (max-width: 315px) 100vw, 315px\" \/><\/div><div class=\"w-person-content\"><h4 class=\"w-person-name\" itemprop=\"name\"><span>Eren AYDIN<\/span><\/h4><div class=\"w-person-role\" itemprop=\"jobTitle\">Consultant \u00een v\u00e2nz\u0103ri corporative<\/div><\/div><\/div><\/div><\/div><\/div><\/div><div class=\"w-separator size_medium\"><\/div><div class=\"g-cols wpb_row  type_default valign_top gap-30 vc_inner\"><style>.g-cols.gap-30{margin:0 calc(-1.5rem - 30)}.gap-30 > .vc_column_container {padding:30}<\/style><div class=\"vc_col-sm-4 wpb_column vc_column_container\"><div class=\"vc_column-inner\"><div class=\"wpb_wrapper\"><div class=\"w-person layout_simple_circle\" itemscope itemtype=\"https:\/\/schema.org\/Person\"><div class=\"w-person-image\"><img loading=\"lazy\" decoding=\"async\" width=\"398\" height=\"400\" src=\"https:\/\/www.promoforever.ro\/en\/wp-content\/uploads\/2021\/09\/sena.jpg\" class=\"attachment-us_400_400 size-us_400_400\" alt=\"\" srcset=\"https:\/\/www.promoforever.ro\/en\/wp-content\/uploads\/2021\/09\/sena.jpg 398w, https:\/\/www.promoforever.ro\/en\/wp-content\/uploads\/2021\/09\/sena-150x150.jpg 150w\" sizes=\"auto, (max-width: 398px) 100vw, 398px\" \/><\/div><div class=\"w-person-content\"><h4 class=\"w-person-name\" itemprop=\"name\"><span>Senanur G\u00dcNG\u00d6R<\/span><\/h4><div class=\"w-person-role\" itemprop=\"jobTitle\">Contabil<\/div><\/div><\/div><\/div><\/div><\/div><div class=\"vc_col-sm-4 wpb_column vc_column_container\"><div class=\"vc_column-inner\"><div class=\"wpb_wrapper\"><div class=\"w-person layout_simple_circle\" itemscope itemtype=\"https:\/\/schema.org\/Person\"><div class=\"w-person-image\"><img loading=\"lazy\" decoding=\"async\" width=\"316\" height=\"316\" src=\"https:\/\/www.promoforever.ro\/en\/wp-content\/uploads\/2021\/02\/ilaydaa.png\" class=\"attachment-us_400_400 size-us_400_400\" alt=\"\" srcset=\"https:\/\/www.promoforever.ro\/en\/wp-content\/uploads\/2021\/02\/ilaydaa.png 316w, https:\/\/www.promoforever.ro\/en\/wp-content\/uploads\/2021\/02\/ilaydaa-300x300.png 300w, https:\/\/www.promoforever.ro\/en\/wp-content\/uploads\/2021\/02\/ilaydaa-150x150.png 150w\" sizes=\"auto, (max-width: 316px) 100vw, 316px\" \/><\/div><div class=\"w-person-content\"><h4 class=\"w-person-name\" itemprop=\"name\"><span>\u0130layda TAMT\u00dcRK<\/span><\/h4><div class=\"w-person-role\" itemprop=\"jobTitle\">Consultant \u00een v\u00e2nz\u0103ri corporative<\/div><\/div><\/div><\/div><\/div><\/div><div class=\"vc_col-sm-4 wpb_column vc_column_container\"><div class=\"vc_column-inner\"><div class=\"wpb_wrapper\"><div class=\"w-person layout_simple_circle\" itemscope itemtype=\"https:\/\/schema.org\/Person\"><div class=\"w-person-image\"><img loading=\"lazy\" decoding=\"async\" width=\"315\" height=\"315\" src=\"https:\/\/www.promoforever.ro\/en\/wp-content\/uploads\/2021\/03\/hande.png\" class=\"attachment-us_400_400 size-us_400_400\" alt=\"\" srcset=\"https:\/\/www.promoforever.ro\/en\/wp-content\/uploads\/2021\/03\/hande.png 315w, https:\/\/www.promoforever.ro\/en\/wp-content\/uploads\/2021\/03\/hande-300x300.png 300w, https:\/\/www.promoforever.ro\/en\/wp-content\/uploads\/2021\/03\/hande-150x150.png 150w\" sizes=\"auto, (max-width: 315px) 100vw, 315px\" \/><\/div><div class=\"w-person-content\"><h4 class=\"w-person-name\" itemprop=\"name\"><span>Hande AKYOL<\/span><\/h4><div class=\"w-person-role\" itemprop=\"jobTitle\">Consultant \u00een v\u00e2nz\u0103ri corporative<\/div><\/div><\/div><\/div><\/div><\/div><\/div><div class=\"w-separator size_medium\"><\/div><div class=\"g-cols wpb_row  type_default valign_top gap-30 vc_inner\"><style>.g-cols.gap-30{margin:0 calc(-1.5rem - 30)}.gap-30 > .vc_column_container {padding:30}<\/style><div class=\"vc_col-sm-4 wpb_column vc_column_container\"><div class=\"vc_column-inner\"><div class=\"wpb_wrapper\"><div class=\"w-person layout_simple_circle\" itemscope itemtype=\"https:\/\/schema.org\/Person\"><div class=\"w-person-image\"><img loading=\"lazy\" decoding=\"async\" width=\"315\" height=\"315\" src=\"https:\/\/www.promoforever.ro\/en\/wp-content\/uploads\/2021\/03\/bilge.png\" class=\"attachment-us_400_400 size-us_400_400\" alt=\"\" srcset=\"https:\/\/www.promoforever.ro\/en\/wp-content\/uploads\/2021\/03\/bilge.png 315w, https:\/\/www.promoforever.ro\/en\/wp-content\/uploads\/2021\/03\/bilge-300x300.png 300w, https:\/\/www.promoforever.ro\/en\/wp-content\/uploads\/2021\/03\/bilge-150x150.png 150w\" sizes=\"auto, (max-width: 315px) 100vw, 315px\" \/><\/div><div class=\"w-person-content\"><h4 class=\"w-person-name\" itemprop=\"name\"><span>Bilge S\u00dcMER<\/span><\/h4><div class=\"w-person-role\" itemprop=\"jobTitle\">Artist grafic<\/div><\/div><\/div><\/div><\/div><\/div><div class=\"vc_col-sm-4 wpb_column vc_column_container\"><div class=\"vc_column-inner\"><div class=\"wpb_wrapper\"><div class=\"w-person layout_simple_circle\" itemscope itemtype=\"https:\/\/schema.org\/Person\"><div class=\"w-person-image\"><img loading=\"lazy\" decoding=\"async\" width=\"398\" height=\"400\" src=\"https:\/\/www.promoforever.ro\/en\/wp-content\/uploads\/2021\/09\/samira.png\" class=\"attachment-us_400_400 size-us_400_400\" alt=\"samira\" srcset=\"https:\/\/www.promoforever.ro\/en\/wp-content\/uploads\/2021\/09\/samira.png 398w, https:\/\/www.promoforever.ro\/en\/wp-content\/uploads\/2021\/09\/samira-150x150.png 150w\" sizes=\"auto, (max-width: 398px) 100vw, 398px\" \/><\/div><div class=\"w-person-content\"><h4 class=\"w-person-name\" itemprop=\"name\"><span>Samira JAILANI<\/span><\/h4><div class=\"w-person-role\" itemprop=\"jobTitle\">Designer Grafic \/ Webmaster<\/div><\/div><\/div><\/div><\/div><\/div><div class=\"vc_col-sm-4 wpb_column vc_column_container\"><div class=\"vc_column-inner\"><div class=\"wpb_wrapper\"><div class=\"w-person layout_simple_circle\" itemscope itemtype=\"https:\/\/schema.org\/Person\"><div class=\"w-person-image\"><img loading=\"lazy\" decoding=\"async\" width=\"315\" height=\"315\" src=\"https:\/\/www.promoforever.ro\/en\/wp-content\/uploads\/2021\/03\/seda.png\" class=\"attachment-us_400_400 size-us_400_400\" alt=\"\" srcset=\"https:\/\/www.promoforever.ro\/en\/wp-content\/uploads\/2021\/03\/seda.png 315w, https:\/\/www.promoforever.ro\/en\/wp-content\/uploads\/2021\/03\/seda-300x300.png 300w, https:\/\/www.promoforever.ro\/en\/wp-content\/uploads\/2021\/03\/seda-150x150.png 150w\" sizes=\"auto, (max-width: 315px) 100vw, 315px\" \/><\/div><div class=\"w-person-content\"><h4 class=\"w-person-name\" itemprop=\"name\"><span>Seda YAVUZ<\/span><\/h4><div class=\"w-person-role\" itemprop=\"jobTitle\">Artist grafic<\/div><\/div><\/div><\/div><\/div><\/div><\/div><\/div><\/div><\/div><\/div><\/div><\/section>\n","protected":false},"excerpt":{"rendered":"Istoria noastr\u0103 199620211996Misiune si viziune La sf\u00e2r\u0219itul anilor 1990, ne-am propus s\u0103 oferim clien\u021bilor no\u0219tri produse de calitate la pre\u021buri accesibile. Ast\u0103zi, cu facilit\u0103\u021bile noastre de produc\u021bie de ultim\u0103 genera\u021bie \u0219i personalul cu experien\u021b\u0103; Lucr\u0103m \u00een fiecare zi pentru a oferi cele mai bune prietenilor no\u0219tri \u00een condi\u021bii mai favorabile. \u00cen timpul acestei c\u0103l\u0103torii, am...","protected":false},"author":1,"featured_media":0,"parent":0,"menu_order":0,"comment_status":"closed","ping_status":"closed","template":"","meta":{"_monsterinsights_skip_tracking":false,"_monsterinsights_sitenote_active":false,"_monsterinsights_sitenote_note":"","_monsterinsights_sitenote_category":0,"footnotes":""},"class_list":["post-7865","page","type-page","status-publish","hentry"],"_links":{"self":[{"href":"https:\/\/www.promoforever.ro\/en\/wp-json\/wp\/v2\/pages\/7865","targetHints":{"allow":["GET"]}}],"collection":[{"href":"https:\/\/www.promoforever.ro\/en\/wp-json\/wp\/v2\/pages"}],"about":[{"href":"https:\/\/www.promoforever.ro\/en\/wp-json\/wp\/v2\/types\/page"}],"author":[{"embeddable":true,"href":"https:\/\/www.promoforever.ro\/en\/wp-json\/wp\/v2\/users\/1"}],"replies":[{"embeddable":true,"href":"https:\/\/www.promoforever.ro\/en\/wp-json\/wp\/v2\/comments?post=7865"}],"version-history":[{"count":9,"href":"https:\/\/www.promoforever.ro\/en\/wp-json\/wp\/v2\/pages\/7865\/revisions"}],"predecessor-version":[{"id":15008,"href":"https:\/\/www.promoforever.ro\/en\/wp-json\/wp\/v2\/pages\/7865\/revisions\/15008"}],"wp:attachment":[{"href":"https:\/\/www.promoforever.ro\/en\/wp-json\/wp\/v2\/media?parent=7865"}],"curies":[{"name":"wp","href":"https:\/\/api.w.org\/{rel}","templated":true}]}}